{"id":18443,"date":"2023-09-19T11:00:40","date_gmt":"2023-09-19T11:00:40","guid":{"rendered":"https:\/\/rivieradivina.it\/?page_id=18443"},"modified":"2025-01-21T11:01:48","modified_gmt":"2025-01-21T11:01:48","slug":"qui-sommes-nous","status":"publish","type":"page","link":"https:\/\/rivieradivina.it\/fr\/qui-sommes-nous\/","title":{"rendered":"QUI SOMMES-NOUS"},"content":{"rendered":"<div class=\"et_pb_module et_pb_text et_pb_text_0 et_pb_text_align_left et_pb_bg_layout_light\">\n<div class=\"et_pb_text_inner\">\n<h2>Qui sommes-nous ? Notre Destination Management Company, fond\u00e9e \u00e0 Sanremo, op\u00e8re depuis 2001 dans le secteur de lincoming en Italie, dans le sud de la France et la Principaut\u00e9 de Monaco.<\/h2>\n<h2>Nous sommes \u00e0 votre disposition pour g\u00e9rer toute la gamme de services li\u00e9s \u00e0 l&rsquo;organisation de voyages individuels et de groupe, de r\u00e9unions d&rsquo;entreprise et de congr\u00e8s, ainsi que d&rsquo;\u00e9v\u00e9nements sportifs et de mariages.<\/h2>\n<\/div>\n<\/div>\n<div class=\"et_pb_module et_pb_text et_pb_text_1 et_pb_text_align_left et_pb_bg_layout_light\">\n<div class=\"et_pb_text_inner\">\n<strong>Notre sp\u00e9cialit\u00e9 est la Riviera italienne et fran\u00e7aise ainsi que les r\u00e9gions voisines, dont nous connaissons tous les secrets !<\/strong><br \/>\nIl y a de nombreuses raisons pour organiser un voyage en Ligurie et sur la C\u00f4te d\u2019Azur : le climat doux, les jardins botaniques et les fleurs de la Riviera, les tr\u00e9sors gastronomiques et les parfums de l\u2019arri\u00e8re-pays, la vie mondaine des stations les plus c\u00e9l\u00e8bres, ainsi qu&rsquo;une gamme de services de qualit\u00e9 sup\u00e9rieure : h\u00f4tels, restaurants, mus\u00e9es, caves et huileries.<br \/>\n<strong>Notre point fort r\u00e9side dans le fait que nous proposons uniquement les territoires o\u00f9 nous vivons. La valeur ajout\u00e9e de notre service est notre exp\u00e9rience de plusieurs d\u00e9cennies dans l\u2019accueil de touristes du monde entier sur notre territoire.<\/strong><\/div>\n<\/div>\n","protected":false},"excerpt":{"rendered":"<p>Depuis plus de 20 ans, notre agence propose des programmes sur mesure pour des voyages en Ligurie, dans le Pi\u00e9mont et dans le Sud de la France.<\/p>\n","protected":false},"author":2,"featured_media":18118,"parent":0,"menu_order":0,"comment_status":"closed","ping_status":"closed","template":"","meta":{"_et_pb_use_builder":"","_et_pb_old_content":"","_et_gb_content_width":"","footnotes":""},"class_list":["post-18443","page","type-page","status-publish","has-post-thumbnail","hentry"],"yoast_head":"<!-- This site is optimized with the Yoast SEO plugin v27.3 - https:\/\/yoast.com\/product\/yoast-seo-wordpress\/ -->\n<title>QUI SOMMES-NOUS | RIVIERA DIVINA LUXURY CONCIERGE<\/title>\n<meta name=\"description\" content=\"Qui sommes-nous ? Depuis plus de 20 ans, notre agence propose des programmes sur mesure pour des voyages en Ligurie, dans le Pi\u00e9mont et dans le Sud de la France.\" \/>\n<meta name=\"robots\" content=\"index, follow, max-snippet:-1, max-image-preview:large, max-video-preview:-1\" \/>\n<link rel=\"canonical\" href=\"https:\/\/rivieradivina.it\/fr\/qui-sommes-nous\/\" \/>\n<meta property=\"og:locale\" content=\"fr_FR\" \/>\n<meta property=\"og:type\" content=\"article\" \/>\n<meta property=\"og:title\" content=\"QUI SOMMES-NOUS | RIVIERA DIVINA LUXURY CONCIERGE\" \/>\n<meta property=\"og:description\" content=\"Qui sommes-nous ? Depuis plus de 20 ans, notre agence propose des programmes sur mesure pour des voyages en Ligurie, dans le Pi\u00e9mont et dans le Sud de la France.\" \/>\n<meta property=\"og:url\" content=\"https:\/\/rivieradivina.it\/fr\/qui-sommes-nous\/\" \/>\n<meta property=\"og:site_name\" content=\"RIVIERA DIVINA LUXURY CONCIERGE\" \/>\n<meta property=\"article:modified_time\" content=\"2025-01-21T11:01:48+00:00\" \/>\n<meta property=\"og:image\" content=\"https:\/\/rivieradivina.it\/wp-content\/uploads\/2023\/09\/raymond-morland-HhCdboG_EzU-unsplash.jpg\" \/>\n\t<meta property=\"og:image:width\" content=\"1920\" \/>\n\t<meta property=\"og:image:height\" content=\"1280\" \/>\n\t<meta property=\"og:image:type\" content=\"image\/jpeg\" \/>\n<meta name=\"twitter:card\" content=\"summary_large_image\" \/>\n<meta name=\"twitter:label1\" content=\"Dur\u00e9e de lecture estim\u00e9e\" \/>\n\t<meta name=\"twitter:data1\" content=\"2 minutes\" \/>\n<script type=\"application\/ld+json\" class=\"yoast-schema-graph\">{\"@context\":\"https:\\\/\\\/schema.org\",\"@graph\":[{\"@type\":\"WebPage\",\"@id\":\"https:\\\/\\\/rivieradivina.it\\\/fr\\\/qui-sommes-nous\\\/\",\"url\":\"https:\\\/\\\/rivieradivina.it\\\/fr\\\/qui-sommes-nous\\\/\",\"name\":\"QUI SOMMES-NOUS | RIVIERA DIVINA LUXURY CONCIERGE\",\"isPartOf\":{\"@id\":\"https:\\\/\\\/rivieradivina.it\\\/fr\\\/#website\"},\"primaryImageOfPage\":{\"@id\":\"https:\\\/\\\/rivieradivina.it\\\/fr\\\/qui-sommes-nous\\\/#primaryimage\"},\"image\":{\"@id\":\"https:\\\/\\\/rivieradivina.it\\\/fr\\\/qui-sommes-nous\\\/#primaryimage\"},\"thumbnailUrl\":\"https:\\\/\\\/rivieradivina.it\\\/wp-content\\\/uploads\\\/2023\\\/09\\\/raymond-morland-HhCdboG_EzU-unsplash.jpg\",\"datePublished\":\"2023-09-19T11:00:40+00:00\",\"dateModified\":\"2025-01-21T11:01:48+00:00\",\"description\":\"Qui sommes-nous ? Depuis plus de 20 ans, notre agence propose des programmes sur mesure pour des voyages en Ligurie, dans le Pi\u00e9mont et dans le Sud de la France.\",\"breadcrumb\":{\"@id\":\"https:\\\/\\\/rivieradivina.it\\\/fr\\\/qui-sommes-nous\\\/#breadcrumb\"},\"inLanguage\":\"fr-FR\",\"potentialAction\":[{\"@type\":\"ReadAction\",\"target\":[\"https:\\\/\\\/rivieradivina.it\\\/fr\\\/qui-sommes-nous\\\/\"]}]},{\"@type\":\"ImageObject\",\"inLanguage\":\"fr-FR\",\"@id\":\"https:\\\/\\\/rivieradivina.it\\\/fr\\\/qui-sommes-nous\\\/#primaryimage\",\"url\":\"https:\\\/\\\/rivieradivina.it\\\/wp-content\\\/uploads\\\/2023\\\/09\\\/raymond-morland-HhCdboG_EzU-unsplash.jpg\",\"contentUrl\":\"https:\\\/\\\/rivieradivina.it\\\/wp-content\\\/uploads\\\/2023\\\/09\\\/raymond-morland-HhCdboG_EzU-unsplash.jpg\",\"width\":1920,\"height\":1280,\"caption\":\"Qui sommes-nous\"},{\"@type\":\"BreadcrumbList\",\"@id\":\"https:\\\/\\\/rivieradivina.it\\\/fr\\\/qui-sommes-nous\\\/#breadcrumb\",\"itemListElement\":[{\"@type\":\"ListItem\",\"position\":1,\"name\":\"Home\",\"item\":\"https:\\\/\\\/rivieradivina.it\\\/fr\\\/\"},{\"@type\":\"ListItem\",\"position\":2,\"name\":\"QUI SOMMES-NOUS\"}]},{\"@type\":\"WebSite\",\"@id\":\"https:\\\/\\\/rivieradivina.it\\\/fr\\\/#website\",\"url\":\"https:\\\/\\\/rivieradivina.it\\\/fr\\\/\",\"name\":\"RIVIERA DIVINA LUXURY CONCIERGE\",\"description\":\"ITALIAN &amp; FRENCH RIVIERA | LIGURIA &amp; COTE D&#039;AZUR\",\"potentialAction\":[{\"@type\":\"SearchAction\",\"target\":{\"@type\":\"EntryPoint\",\"urlTemplate\":\"https:\\\/\\\/rivieradivina.it\\\/fr\\\/?s={search_term_string}\"},\"query-input\":{\"@type\":\"PropertyValueSpecification\",\"valueRequired\":true,\"valueName\":\"search_term_string\"}}],\"inLanguage\":\"fr-FR\"}]}<\/script>\n<!-- \/ Yoast SEO plugin. -->","yoast_head_json":{"title":"QUI SOMMES-NOUS | RIVIERA DIVINA LUXURY CONCIERGE","description":"Qui sommes-nous ? Depuis plus de 20 ans, notre agence propose des programmes sur mesure pour des voyages en Ligurie, dans le Pi\u00e9mont et dans le Sud de la France.","robots":{"index":"index","follow":"follow","max-snippet":"max-snippet:-1","max-image-preview":"max-image-preview:large","max-video-preview":"max-video-preview:-1"},"canonical":"https:\/\/rivieradivina.it\/fr\/qui-sommes-nous\/","og_locale":"fr_FR","og_type":"article","og_title":"QUI SOMMES-NOUS | RIVIERA DIVINA LUXURY CONCIERGE","og_description":"Qui sommes-nous ? Depuis plus de 20 ans, notre agence propose des programmes sur mesure pour des voyages en Ligurie, dans le Pi\u00e9mont et dans le Sud de la France.","og_url":"https:\/\/rivieradivina.it\/fr\/qui-sommes-nous\/","og_site_name":"RIVIERA DIVINA LUXURY CONCIERGE","article_modified_time":"2025-01-21T11:01:48+00:00","og_image":[{"width":1920,"height":1280,"url":"https:\/\/rivieradivina.it\/wp-content\/uploads\/2023\/09\/raymond-morland-HhCdboG_EzU-unsplash.jpg","type":"image\/jpeg"}],"twitter_card":"summary_large_image","twitter_misc":{"Dur\u00e9e de lecture estim\u00e9e":"2 minutes"},"schema":{"@context":"https:\/\/schema.org","@graph":[{"@type":"WebPage","@id":"https:\/\/rivieradivina.it\/fr\/qui-sommes-nous\/","url":"https:\/\/rivieradivina.it\/fr\/qui-sommes-nous\/","name":"QUI SOMMES-NOUS | RIVIERA DIVINA LUXURY CONCIERGE","isPartOf":{"@id":"https:\/\/rivieradivina.it\/fr\/#website"},"primaryImageOfPage":{"@id":"https:\/\/rivieradivina.it\/fr\/qui-sommes-nous\/#primaryimage"},"image":{"@id":"https:\/\/rivieradivina.it\/fr\/qui-sommes-nous\/#primaryimage"},"thumbnailUrl":"https:\/\/rivieradivina.it\/wp-content\/uploads\/2023\/09\/raymond-morland-HhCdboG_EzU-unsplash.jpg","datePublished":"2023-09-19T11:00:40+00:00","dateModified":"2025-01-21T11:01:48+00:00","description":"Qui sommes-nous ? Depuis plus de 20 ans, notre agence propose des programmes sur mesure pour des voyages en Ligurie, dans le Pi\u00e9mont et dans le Sud de la France.","breadcrumb":{"@id":"https:\/\/rivieradivina.it\/fr\/qui-sommes-nous\/#breadcrumb"},"inLanguage":"fr-FR","potentialAction":[{"@type":"ReadAction","target":["https:\/\/rivieradivina.it\/fr\/qui-sommes-nous\/"]}]},{"@type":"ImageObject","inLanguage":"fr-FR","@id":"https:\/\/rivieradivina.it\/fr\/qui-sommes-nous\/#primaryimage","url":"https:\/\/rivieradivina.it\/wp-content\/uploads\/2023\/09\/raymond-morland-HhCdboG_EzU-unsplash.jpg","contentUrl":"https:\/\/rivieradivina.it\/wp-content\/uploads\/2023\/09\/raymond-morland-HhCdboG_EzU-unsplash.jpg","width":1920,"height":1280,"caption":"Qui sommes-nous"},{"@type":"BreadcrumbList","@id":"https:\/\/rivieradivina.it\/fr\/qui-sommes-nous\/#breadcrumb","itemListElement":[{"@type":"ListItem","position":1,"name":"Home","item":"https:\/\/rivieradivina.it\/fr\/"},{"@type":"ListItem","position":2,"name":"QUI SOMMES-NOUS"}]},{"@type":"WebSite","@id":"https:\/\/rivieradivina.it\/fr\/#website","url":"https:\/\/rivieradivina.it\/fr\/","name":"RIVIERA DIVINA LUXURY CONCIERGE","description":"ITALIAN &amp; FRENCH RIVIERA | LIGURIA &amp; COTE D&#039;AZUR","potentialAction":[{"@type":"SearchAction","target":{"@type":"EntryPoint","urlTemplate":"https:\/\/rivieradivina.it\/fr\/?s={search_term_string}"},"query-input":{"@type":"PropertyValueSpecification","valueRequired":true,"valueName":"search_term_string"}}],"inLanguage":"fr-FR"}]}},"_links":{"self":[{"href":"https:\/\/rivieradivina.it\/fr\/wp-json\/wp\/v2\/pages\/18443","targetHints":{"allow":["GET"]}}],"collection":[{"href":"https:\/\/rivieradivina.it\/fr\/wp-json\/wp\/v2\/pages"}],"about":[{"href":"https:\/\/rivieradivina.it\/fr\/wp-json\/wp\/v2\/types\/page"}],"author":[{"embeddable":true,"href":"https:\/\/rivieradivina.it\/fr\/wp-json\/wp\/v2\/users\/2"}],"replies":[{"embeddable":true,"href":"https:\/\/rivieradivina.it\/fr\/wp-json\/wp\/v2\/comments?post=18443"}],"version-history":[{"count":1,"href":"https:\/\/rivieradivina.it\/fr\/wp-json\/wp\/v2\/pages\/18443\/revisions"}],"predecessor-version":[{"id":18444,"href":"https:\/\/rivieradivina.it\/fr\/wp-json\/wp\/v2\/pages\/18443\/revisions\/18444"}],"wp:featuredmedia":[{"embeddable":true,"href":"https:\/\/rivieradivina.it\/fr\/wp-json\/wp\/v2\/media\/18118"}],"wp:attachment":[{"href":"https:\/\/rivieradivina.it\/fr\/wp-json\/wp\/v2\/media?parent=18443"}],"curies":[{"name":"wp","href":"https:\/\/api.w.org\/{rel}","templated":true}]}}