{"id":18445,"date":"2023-09-19T11:00:40","date_gmt":"2023-09-19T11:00:40","guid":{"rendered":"https:\/\/rivieradivina.it\/?page_id=18445"},"modified":"2025-01-21T11:03:27","modified_gmt":"2025-01-21T11:03:27","slug":"wer-sind-wir","status":"publish","type":"page","link":"https:\/\/rivieradivina.it\/de\/wer-sind-wir\/","title":{"rendered":"WER SIND WIR"},"content":{"rendered":"<div class=\"et_pb_module et_pb_text et_pb_text_0 et_pb_text_align_left et_pb_bg_layout_light\">\n<div class=\"et_pb_text_inner\">\n<h2>Wer sind wir? Unser Destination Management Company, gegr\u00fcndet in Sanremo, ist seit 2001 im Incoming-Bereich in Italien, S\u00fcdfrankreich und dem F\u00fcrstentum Monaco t\u00e4tig.<\/h2>\n<h2>Wir stehen Ihnen zur Verf\u00fcgung, um die gesamte Palette von Dienstleistungen zu verwalten, die mit der Organisation von Einzel- und Gruppentrips, Gesch\u00e4ftstreffen und Kongressen sowie Sportveranstaltungen und Hochzeiten verbunden sind.<\/h2>\n<\/div>\n<\/div>\n<div class=\"et_pb_module et_pb_text et_pb_text_1 et_pb_text_align_left et_pb_bg_layout_light\">\n<div class=\"et_pb_text_inner\"><strong>Unsere Spezialisierung ist die italienische und franz\u00f6sische Riviera sowie die benachbarten Regionen, von denen wir alle Geheimnisse kennen!<\/strong><br \/>\nEs gibt viele Gr\u00fcnde, eine Reise nach Ligurien und an die C\u00f4te d&#8217;Azur zu organisieren: das milde Klima, die botanischen G\u00e4rten und die Blumen der Riviera, die gastronomischen Sch\u00e4tze und D\u00fcfte des Hinterlandes, das gesellschaftliche Leben der bekanntesten Orte sowie eine Reihe von erstklassigen Dienstleistungen: Hotels, Restaurants, Museen, Weing\u00fcter und \u00d6lm\u00fchlen.<br \/>\n<strong>Unsere St\u00e4rke liegt darin, nur das Gebiet anzubieten, in dem wir leben. Der Mehrwert unseres Services ist unsere jahrzehntelange Erfahrung in der Begr\u00fc\u00dfung von Touristen aus der ganzen Welt in unserem Land.<\/strong><\/div>\n<\/div>\n","protected":false},"excerpt":{"rendered":"<p>Seit \u00fcber 20 Jahren bietet unsere Agentur ma\u00dfgeschneiderte Programme f\u00fcr Reisen in Ligurien, Piemont und S\u00fcdfrankreich an.<\/p>\n","protected":false},"author":2,"featured_media":18119,"parent":0,"menu_order":0,"comment_status":"closed","ping_status":"closed","template":"","meta":{"_et_pb_use_builder":"","_et_pb_old_content":"","_et_gb_content_width":"","footnotes":""},"class_list":["post-18445","page","type-page","status-publish","has-post-thumbnail","hentry"],"yoast_head":"<!-- This site is optimized with the Yoast SEO plugin v27.3 - https:\/\/yoast.com\/product\/yoast-seo-wordpress\/ -->\n<title>WER SIND WIR | RIVIERA DIVINA LUXURY CONCIERGE<\/title>\n<meta name=\"description\" content=\"Wer sind wir? Seit \u00fcber 20 Jahren bietet unsere Agentur ma\u00dfgeschneiderte Programme f\u00fcr Reisen in Ligurien, Piemont und S\u00fcdfrankreich an.\" \/>\n<meta name=\"robots\" content=\"index, follow, max-snippet:-1, max-image-preview:large, max-video-preview:-1\" \/>\n<link rel=\"canonical\" href=\"https:\/\/rivieradivina.it\/de\/wer-sind-wir\/\" \/>\n<meta property=\"og:locale\" content=\"de_DE\" \/>\n<meta property=\"og:type\" content=\"article\" \/>\n<meta property=\"og:title\" content=\"WER SIND WIR | RIVIERA DIVINA LUXURY CONCIERGE\" \/>\n<meta property=\"og:description\" content=\"Wer sind wir? Seit \u00fcber 20 Jahren bietet unsere Agentur ma\u00dfgeschneiderte Programme f\u00fcr Reisen in Ligurien, Piemont und S\u00fcdfrankreich an.\" \/>\n<meta property=\"og:url\" content=\"https:\/\/rivieradivina.it\/de\/wer-sind-wir\/\" \/>\n<meta property=\"og:site_name\" content=\"RIVIERA DIVINA LUXURY CONCIERGE\" \/>\n<meta property=\"article:modified_time\" content=\"2025-01-21T11:03:27+00:00\" \/>\n<meta property=\"og:image\" content=\"https:\/\/rivieradivina.it\/wp-content\/uploads\/2023\/09\/raymond-morland-HhCdboG_EzU-unsplash.jpg\" \/>\n\t<meta property=\"og:image:width\" content=\"1920\" \/>\n\t<meta property=\"og:image:height\" content=\"1280\" \/>\n\t<meta property=\"og:image:type\" content=\"image\/jpeg\" \/>\n<meta name=\"twitter:card\" content=\"summary_large_image\" \/>\n<meta name=\"twitter:label1\" content=\"Gesch\u00e4tzte Lesezeit\" \/>\n\t<meta name=\"twitter:data1\" content=\"2\u00a0Minuten\" \/>\n<script type=\"application\/ld+json\" class=\"yoast-schema-graph\">{\"@context\":\"https:\\\/\\\/schema.org\",\"@graph\":[{\"@type\":\"WebPage\",\"@id\":\"https:\\\/\\\/rivieradivina.it\\\/de\\\/wer-sind-wir\\\/\",\"url\":\"https:\\\/\\\/rivieradivina.it\\\/de\\\/wer-sind-wir\\\/\",\"name\":\"WER SIND WIR | RIVIERA DIVINA LUXURY CONCIERGE\",\"isPartOf\":{\"@id\":\"https:\\\/\\\/rivieradivina.it\\\/de\\\/#website\"},\"primaryImageOfPage\":{\"@id\":\"https:\\\/\\\/rivieradivina.it\\\/de\\\/wer-sind-wir\\\/#primaryimage\"},\"image\":{\"@id\":\"https:\\\/\\\/rivieradivina.it\\\/de\\\/wer-sind-wir\\\/#primaryimage\"},\"thumbnailUrl\":\"https:\\\/\\\/rivieradivina.it\\\/wp-content\\\/uploads\\\/2023\\\/09\\\/raymond-morland-HhCdboG_EzU-unsplash.jpg\",\"datePublished\":\"2023-09-19T11:00:40+00:00\",\"dateModified\":\"2025-01-21T11:03:27+00:00\",\"description\":\"Wer sind wir? Seit \u00fcber 20 Jahren bietet unsere Agentur ma\u00dfgeschneiderte Programme f\u00fcr Reisen in Ligurien, Piemont und S\u00fcdfrankreich an.\",\"breadcrumb\":{\"@id\":\"https:\\\/\\\/rivieradivina.it\\\/de\\\/wer-sind-wir\\\/#breadcrumb\"},\"inLanguage\":\"de\",\"potentialAction\":[{\"@type\":\"ReadAction\",\"target\":[\"https:\\\/\\\/rivieradivina.it\\\/de\\\/wer-sind-wir\\\/\"]}]},{\"@type\":\"ImageObject\",\"inLanguage\":\"de\",\"@id\":\"https:\\\/\\\/rivieradivina.it\\\/de\\\/wer-sind-wir\\\/#primaryimage\",\"url\":\"https:\\\/\\\/rivieradivina.it\\\/wp-content\\\/uploads\\\/2023\\\/09\\\/raymond-morland-HhCdboG_EzU-unsplash.jpg\",\"contentUrl\":\"https:\\\/\\\/rivieradivina.it\\\/wp-content\\\/uploads\\\/2023\\\/09\\\/raymond-morland-HhCdboG_EzU-unsplash.jpg\",\"width\":1920,\"height\":1280,\"caption\":\"Wer sind wir\"},{\"@type\":\"BreadcrumbList\",\"@id\":\"https:\\\/\\\/rivieradivina.it\\\/de\\\/wer-sind-wir\\\/#breadcrumb\",\"itemListElement\":[{\"@type\":\"ListItem\",\"position\":1,\"name\":\"Home\",\"item\":\"https:\\\/\\\/rivieradivina.it\\\/de\\\/\"},{\"@type\":\"ListItem\",\"position\":2,\"name\":\"WER SIND WIR\"}]},{\"@type\":\"WebSite\",\"@id\":\"https:\\\/\\\/rivieradivina.it\\\/de\\\/#website\",\"url\":\"https:\\\/\\\/rivieradivina.it\\\/de\\\/\",\"name\":\"RIVIERA DIVINA LUXURY CONCIERGE\",\"description\":\"ITALIAN &amp; FRENCH RIVIERA | LIGURIA &amp; COTE D&#039;AZUR\",\"potentialAction\":[{\"@type\":\"SearchAction\",\"target\":{\"@type\":\"EntryPoint\",\"urlTemplate\":\"https:\\\/\\\/rivieradivina.it\\\/de\\\/?s={search_term_string}\"},\"query-input\":{\"@type\":\"PropertyValueSpecification\",\"valueRequired\":true,\"valueName\":\"search_term_string\"}}],\"inLanguage\":\"de\"}]}<\/script>\n<!-- \/ Yoast SEO plugin. -->","yoast_head_json":{"title":"WER SIND WIR | RIVIERA DIVINA LUXURY CONCIERGE","description":"Wer sind wir? Seit \u00fcber 20 Jahren bietet unsere Agentur ma\u00dfgeschneiderte Programme f\u00fcr Reisen in Ligurien, Piemont und S\u00fcdfrankreich an.","robots":{"index":"index","follow":"follow","max-snippet":"max-snippet:-1","max-image-preview":"max-image-preview:large","max-video-preview":"max-video-preview:-1"},"canonical":"https:\/\/rivieradivina.it\/de\/wer-sind-wir\/","og_locale":"de_DE","og_type":"article","og_title":"WER SIND WIR | RIVIERA DIVINA LUXURY CONCIERGE","og_description":"Wer sind wir? Seit \u00fcber 20 Jahren bietet unsere Agentur ma\u00dfgeschneiderte Programme f\u00fcr Reisen in Ligurien, Piemont und S\u00fcdfrankreich an.","og_url":"https:\/\/rivieradivina.it\/de\/wer-sind-wir\/","og_site_name":"RIVIERA DIVINA LUXURY CONCIERGE","article_modified_time":"2025-01-21T11:03:27+00:00","og_image":[{"width":1920,"height":1280,"url":"https:\/\/rivieradivina.it\/wp-content\/uploads\/2023\/09\/raymond-morland-HhCdboG_EzU-unsplash.jpg","type":"image\/jpeg"}],"twitter_card":"summary_large_image","twitter_misc":{"Gesch\u00e4tzte Lesezeit":"2\u00a0Minuten"},"schema":{"@context":"https:\/\/schema.org","@graph":[{"@type":"WebPage","@id":"https:\/\/rivieradivina.it\/de\/wer-sind-wir\/","url":"https:\/\/rivieradivina.it\/de\/wer-sind-wir\/","name":"WER SIND WIR | RIVIERA DIVINA LUXURY CONCIERGE","isPartOf":{"@id":"https:\/\/rivieradivina.it\/de\/#website"},"primaryImageOfPage":{"@id":"https:\/\/rivieradivina.it\/de\/wer-sind-wir\/#primaryimage"},"image":{"@id":"https:\/\/rivieradivina.it\/de\/wer-sind-wir\/#primaryimage"},"thumbnailUrl":"https:\/\/rivieradivina.it\/wp-content\/uploads\/2023\/09\/raymond-morland-HhCdboG_EzU-unsplash.jpg","datePublished":"2023-09-19T11:00:40+00:00","dateModified":"2025-01-21T11:03:27+00:00","description":"Wer sind wir? Seit \u00fcber 20 Jahren bietet unsere Agentur ma\u00dfgeschneiderte Programme f\u00fcr Reisen in Ligurien, Piemont und S\u00fcdfrankreich an.","breadcrumb":{"@id":"https:\/\/rivieradivina.it\/de\/wer-sind-wir\/#breadcrumb"},"inLanguage":"de","potentialAction":[{"@type":"ReadAction","target":["https:\/\/rivieradivina.it\/de\/wer-sind-wir\/"]}]},{"@type":"ImageObject","inLanguage":"de","@id":"https:\/\/rivieradivina.it\/de\/wer-sind-wir\/#primaryimage","url":"https:\/\/rivieradivina.it\/wp-content\/uploads\/2023\/09\/raymond-morland-HhCdboG_EzU-unsplash.jpg","contentUrl":"https:\/\/rivieradivina.it\/wp-content\/uploads\/2023\/09\/raymond-morland-HhCdboG_EzU-unsplash.jpg","width":1920,"height":1280,"caption":"Wer sind wir"},{"@type":"BreadcrumbList","@id":"https:\/\/rivieradivina.it\/de\/wer-sind-wir\/#breadcrumb","itemListElement":[{"@type":"ListItem","position":1,"name":"Home","item":"https:\/\/rivieradivina.it\/de\/"},{"@type":"ListItem","position":2,"name":"WER SIND WIR"}]},{"@type":"WebSite","@id":"https:\/\/rivieradivina.it\/de\/#website","url":"https:\/\/rivieradivina.it\/de\/","name":"RIVIERA DIVINA LUXURY CONCIERGE","description":"ITALIAN &amp; FRENCH RIVIERA | LIGURIA &amp; COTE D&#039;AZUR","potentialAction":[{"@type":"SearchAction","target":{"@type":"EntryPoint","urlTemplate":"https:\/\/rivieradivina.it\/de\/?s={search_term_string}"},"query-input":{"@type":"PropertyValueSpecification","valueRequired":true,"valueName":"search_term_string"}}],"inLanguage":"de"}]}},"_links":{"self":[{"href":"https:\/\/rivieradivina.it\/de\/wp-json\/wp\/v2\/pages\/18445","targetHints":{"allow":["GET"]}}],"collection":[{"href":"https:\/\/rivieradivina.it\/de\/wp-json\/wp\/v2\/pages"}],"about":[{"href":"https:\/\/rivieradivina.it\/de\/wp-json\/wp\/v2\/types\/page"}],"author":[{"embeddable":true,"href":"https:\/\/rivieradivina.it\/de\/wp-json\/wp\/v2\/users\/2"}],"replies":[{"embeddable":true,"href":"https:\/\/rivieradivina.it\/de\/wp-json\/wp\/v2\/comments?post=18445"}],"version-history":[{"count":2,"href":"https:\/\/rivieradivina.it\/de\/wp-json\/wp\/v2\/pages\/18445\/revisions"}],"predecessor-version":[{"id":18447,"href":"https:\/\/rivieradivina.it\/de\/wp-json\/wp\/v2\/pages\/18445\/revisions\/18447"}],"wp:featuredmedia":[{"embeddable":true,"href":"https:\/\/rivieradivina.it\/de\/wp-json\/wp\/v2\/media\/18119"}],"wp:attachment":[{"href":"https:\/\/rivieradivina.it\/de\/wp-json\/wp\/v2\/media?parent=18445"}],"curies":[{"name":"wp","href":"https:\/\/api.w.org\/{rel}","templated":true}]}}